{"id":10077,"date":"2025-10-28T08:19:24","date_gmt":"2025-10-28T07:19:24","guid":{"rendered":"https:\/\/devacuabit.es\/aguillen\/studio\/?page_id=10077"},"modified":"2025-11-14T11:12:45","modified_gmt":"2025-11-14T10:12:45","slug":"contacto","status":"publish","type":"page","link":"https:\/\/alexguillenfotografo.com\/studio\/contacto\/","title":{"rendered":"Contacto"},"content":{"rendered":"<p>[et_pb_section fb_built=\u00bb1&#8243; module_class=\u00bbportada-contacto\u00bb _builder_version=\u00bb4.27.4&#8243; _module_preset=\u00bbdefault\u00bb background_enable_image=\u00bboff\u00bb background_size=\u00bbinitial\u00bb background_position=\u00bbtop_right\u00bb custom_padding=\u00bb||0px||false|false\u00bb global_colors_info=\u00bb{}\u00bb][et_pb_row column_structure=\u00bb1_2,1_2&#8243; use_custom_gutter=\u00bbon\u00bb make_equal=\u00bbon\u00bb _builder_version=\u00bb4.27.4&#8243; _module_preset=\u00bbdefault\u00bb background_enable_image=\u00bboff\u00bb background_size=\u00bbcontain\u00bb background_position=\u00bbtop_right\u00bb global_colors_info=\u00bb{}\u00bb][et_pb_column type=\u00bb1_2&#8243; _builder_version=\u00bb4.27.4&#8243; _module_preset=\u00bbdefault\u00bb global_colors_info=\u00bb{}\u00bb][et_pb_text _builder_version=\u00bb4.27.4&#8243; _module_preset=\u00bbdefault\u00bb header_font=\u00bb&#8211;et_global_body_font|300|||||||\u00bb header_font_size=\u00bb20px\u00bb header_letter_spacing=\u00bb1px\u00bb custom_margin=\u00bb||15px||false|false\u00bb global_colors_info=\u00bb{}\u00bb]<\/p>\n<h1>Contacto<\/h1>\n<p>[\/et_pb_text][et_pb_text module_class=\u00bbsubtp-web subt-web titulares_2&#8243; _builder_version=\u00bb4.27.4&#8243; _module_preset=\u00bbdefault\u00bb text_font=\u00bb&#8211;et_global_heading_font|300|||||||\u00bb text_font_size=\u00bb56px\u00bb text_line_height=\u00bb1.4em\u00bb custom_margin=\u00bb||1rem||false|false\u00bb global_colors_info=\u00bb{}\u00bb]<\/p>\n<p>De la idea a la imagen: resultados <strong>profesionales<\/strong>[\/et_pb_text][et_pb_divider _builder_version=\u00bb4.27.4&#8243; _module_preset=\u00bbdefault\u00bb width=\u00bb60%\u00bb module_alignment=\u00bbleft\u00bb module_alignment_tablet=\u00bbcenter\u00bb module_alignment_phone=\u00bbcenter\u00bb module_alignment_last_edited=\u00bbon|tablet\u00bb global_colors_info=\u00bb{}\u00bb][\/et_pb_divider][et_pb_text _builder_version=\u00bb4.27.4&#8243; _module_preset=\u00bbdefault\u00bb text_font=\u00bb|300|||||||\u00bb text_font_size=\u00bb20px\u00bb text_line_height=\u00bb1.75em\u00bb max_width_tablet=\u00bb69%\u00bb max_width_phone=\u00bb100%\u00bb max_width_last_edited=\u00bbon|phone\u00bb custom_margin=\u00bb||1rem||false|false\u00bb global_colors_info=\u00bb{}\u00bb]<\/p>\n<p>Gracias por llegar hasta aqu\u00ed. Si hab\u00e9is sentido conexi\u00f3n con mi forma de trabajar, estar\u00e9 encantado de escucharos y preparar una propuesta personalizada para vosotros.<\/p>\n<p><strong>Donde estoy:<br \/><\/strong>Con base en <strong>M\u00e1laga<\/strong>, pero disponible para<strong> trabajos en toda Espa\u00f1a, Europa y el mundo<\/strong>.<\/p>\n<p>[\/et_pb_text][\/et_pb_column][et_pb_column type=\u00bb1_2&#8243; _builder_version=\u00bb4.27.4&#8243; _module_preset=\u00bbdefault\u00bb background_enable_image=\u00bboff\u00bb background_size=\u00bbcontain\u00bb background_position=\u00bbcenter_right\u00bb global_colors_info=\u00bb{}\u00bb][et_pb_image src=\u00bbhttps:\/\/alexguillenfotografo.com\/wp-content\/uploads\/sites\/3\/2025\/11\/contacto01.jpg\u00bb title_text=\u00bbcontacto01&#8243; _builder_version=\u00bb4.27.4&#8243; _module_preset=\u00bbdefault\u00bb global_colors_info=\u00bb{}\u00bb][\/et_pb_image][\/et_pb_column][\/et_pb_row][\/et_pb_section][et_pb_section fb_built=\u00bb1&#8243; module_class=\u00bbseccion-form cont\u00bb _builder_version=\u00bb4.27.4&#8243; _module_preset=\u00bbdefault\u00bb hover_enabled=\u00bb0&#8243; global_colors_info=\u00bb{}\u00bb custom_padding=\u00bb0px||||false|false\u00bb sticky_enabled=\u00bb0&#8243;][et_pb_row _builder_version=\u00bb4.27.4&#8243; _module_preset=\u00bbdefault\u00bb custom_padding=\u00bb0px||0px||false|false\u00bb global_colors_info=\u00bb{}\u00bb][et_pb_column type=\u00bb4_4&#8243; _builder_version=\u00bb4.27.4&#8243; _module_preset=\u00bbdefault\u00bb global_colors_info=\u00bb{}\u00bb][et_pb_image src=\u00bbhttps:\/\/alexguillenfotografo.com\/wp-content\/uploads\/sites\/3\/2025\/10\/isotipo_studio.png\u00bb alt=\u00bbIcono coraz\u00f3n\u00bb title_text=\u00bbisotipo_studio\u00bb align=\u00bbcenter\u00bb _builder_version=\u00bb4.27.4&#8243; _module_preset=\u00bbdefault\u00bb global_colors_info=\u00bb{}\u00bb][\/et_pb_image][\/et_pb_column][\/et_pb_row][et_pb_row _builder_version=\u00bb4.27.4&#8243; _module_preset=\u00bbdefault\u00bb custom_padding=\u00bb0px||0px||false|false\u00bb global_colors_info=\u00bb{}\u00bb][et_pb_column type=\u00bb4_4&#8243; _builder_version=\u00bb4.27.4&#8243; _module_preset=\u00bbdefault\u00bb global_colors_info=\u00bb{}\u00bb][et_pb_text _builder_version=\u00bb4.27.4&#8243; _module_preset=\u00bbdefault\u00bb text_font=\u00bb&#8211;et_global_heading_font|300|||||||\u00bb text_font_size=\u00bb56px\u00bb text_line_height=\u00bb1.4em\u00bb header_2_font=\u00bb|300|||||||\u00bb header_2_font_size=\u00bb56px\u00bb header_2_line_height=\u00bb1.4em\u00bb text_orientation=\u00bbcenter\u00bb global_colors_info=\u00bb{}\u00bb]<\/p>\n<h2>\u00bfHablamos?<\/h2>\n<p>[\/et_pb_text][\/et_pb_column][\/et_pb_row][et_pb_row column_structure=\u00bb3_5,2_5&#8243; _builder_version=\u00bb4.27.4&#8243; _module_preset=\u00bbdefault\u00bb global_colors_info=\u00bb{}\u00bb][et_pb_column type=\u00bb3_5&#8243; _builder_version=\u00bb4.27.4&#8243; _module_preset=\u00bbdefault\u00bb global_colors_info=\u00bb{}\u00bb][et_pb_code _builder_version=\u00bb4.27.4&#8243; _module_preset=\u00bbdefault\u00bb global_colors_info=\u00bb{}\u00bb]\n<div class=\"wpcf7 no-js\" id=\"wpcf7-f11527-o1\" lang=\"es-ES\" dir=\"ltr\" data-wpcf7-id=\"11527\">\n<div class=\"screen-reader-response\"><p role=\"status\" aria-live=\"polite\" aria-atomic=\"true\"><\/p> <ul><\/ul><\/div>\n<form action=\"\/studio\/wp-json\/wp\/v2\/pages\/10077#wpcf7-f11527-o1\" method=\"post\" class=\"wpcf7-form init\" aria-label=\"Formulario de contacto\" novalidate=\"novalidate\" data-status=\"init\">\n<fieldset class=\"hidden-fields-container\"><input type=\"hidden\" name=\"_wpcf7\" value=\"11527\" \/><input type=\"hidden\" name=\"_wpcf7_version\" value=\"6.1.5\" \/><input type=\"hidden\" name=\"_wpcf7_locale\" value=\"es_ES\" \/><input type=\"hidden\" name=\"_wpcf7_unit_tag\" value=\"wpcf7-f11527-o1\" \/><input type=\"hidden\" name=\"_wpcf7_container_post\" value=\"0\" \/><input type=\"hidden\" name=\"_wpcf7_posted_data_hash\" value=\"\" \/>\n<\/fieldset>\n<div class=\"cf7-custom-css\">\n\t<div class=\"fields\">\n\t\t<div class=\"field-item\">\n\t\t\t<p><span class=\"wpcf7-form-control-wrap\" data-name=\"your-name\"><input size=\"40\" maxlength=\"400\" class=\"wpcf7-form-control wpcf7-text wpcf7-validates-as-required\" aria-required=\"true\" aria-invalid=\"false\" placeholder=\"Nombre\" value=\"\" type=\"text\" name=\"your-name\" \/><\/span>\n\t\t\t<\/p>\n\t\t<\/div>\n\t<\/div>\n\t<div class=\"fields fields-cols\">\n\t\t<div class=\"field-item\">\n\t\t\t<p><span class=\"wpcf7-form-control-wrap\" data-name=\"your-email\"><input size=\"40\" maxlength=\"400\" class=\"wpcf7-form-control wpcf7-email wpcf7-validates-as-required wpcf7-text wpcf7-validates-as-email\" aria-required=\"true\" aria-invalid=\"false\" placeholder=\"Correo Electr\u00f3nico\" value=\"\" type=\"email\" name=\"your-email\" \/><\/span>\n\t\t\t<\/p>\n\t\t<\/div>\n\t\t<div class=\"field-item field-item-last\">\n\t\t\t<p><span class=\"wpcf7-form-control-wrap\" data-name=\"tel-104\"><input size=\"40\" maxlength=\"400\" class=\"wpcf7-form-control wpcf7-tel wpcf7-validates-as-required wpcf7-text wpcf7-validates-as-tel\" aria-required=\"true\" aria-invalid=\"false\" placeholder=\"Tel\u00e9fono\" value=\"\" type=\"tel\" name=\"tel-104\" \/><\/span>\n\t\t\t<\/p>\n\t\t<\/div>\n\t<\/div>\n\t<div class=\"fields\">\n\t\t<div class=\"field-item\">\n\t\t\t<p><span class=\"wpcf7-form-control-wrap\" data-name=\"your-message\"><textarea cols=\"40\" rows=\"10\" maxlength=\"2000\" class=\"wpcf7-form-control wpcf7-textarea\" aria-invalid=\"false\" placeholder=\"\u00bfEn qu\u00e9 puedo ayudarte?\" name=\"your-message\"><\/textarea><\/span>\n\t\t\t<\/p>\n\t\t<\/div>\n\t<\/div>\n\t<div class=\"conditions\">\n\t\t<p><span class=\"wpcf7-form-control-wrap\" data-name=\"acceptance-254\"><span class=\"wpcf7-form-control wpcf7-acceptance\"><span class=\"wpcf7-list-item\"><input type=\"checkbox\" name=\"acceptance-254\" value=\"1\" id=\"validarPolitica\" aria-invalid=\"false\" \/><\/span><\/span><\/span> He <a href=\"https:\/\/devacuabit.es\/aguillen\/politica-privacidad\/\" rel=\"nofollow noopener\" target=\"_blank\">le\u00eddo y acepto<\/a> la pol\u00edtica de privacidad.\n\t\t<\/p>\n\t<\/div>\n\t<div class=\"submit\">\n\t\t<p><input class=\"wpcf7-form-control wpcf7-submit has-spinner et_pb_contact_submit et_pb_button\" type=\"submit\" value=\"Enviar\" \/>\n\t\t<\/p>\n\t<\/div>\n<\/div><div class=\"wpcf7-response-output\" aria-hidden=\"true\"><\/div>\n<\/form>\n<\/div>\n[\/et_pb_code][\/et_pb_column][et_pb_column type=\u00bb2_5&#8243; _builder_version=\u00bb4.27.4&#8243; _module_preset=\u00bbdefault\u00bb global_colors_info=\u00bb{}\u00bb][et_pb_blurb use_icon=\u00bbon\u00bb font_icon=\u00bb&#xe090;||divi||400&#8243; icon_placement=\u00bbleft\u00bb image_icon_width=\u00bb20px\u00bb content_max_width=\u00bb100%\u00bb _builder_version=\u00bb4.27.4&#8243; _module_preset=\u00bbdefault\u00bb body_font=\u00bb|300|||||||\u00bb body_font_size=\u00bb20px\u00bb body_line_height=\u00bb20px\u00bb body_link_text_color=\u00bb#000000&#8243; module_alignment=\u00bbleft\u00bb global_colors_info=\u00bb{}\u00bb]<a href=\"tel:+34633362766\">633 36 27 66<\/a>[\/et_pb_blurb][et_pb_blurb use_icon=\u00bbon\u00bb font_icon=\u00bb&#xf232;||fa||400&#8243; icon_placement=\u00bbleft\u00bb image_icon_width=\u00bb20px\u00bb content_max_width=\u00bb100%\u00bb _builder_version=\u00bb4.27.4&#8243; _module_preset=\u00bbdefault\u00bb body_font=\u00bb|300|||||||\u00bb body_font_size=\u00bb20px\u00bb body_line_height=\u00bb20px\u00bb global_colors_info=\u00bb{}\u00bb]<a href=\"https:\/\/wa.me\/34633362766\" target=\"_blank\" rel=\"noopener\">Enviar WhatsApp<\/a>[\/et_pb_blurb][et_pb_blurb use_icon=\u00bbon\u00bb font_icon=\u00bb&#xe076;||divi||400&#8243; icon_placement=\u00bbleft\u00bb image_icon_width=\u00bb20px\u00bb content_max_width=\u00bb100%\u00bb _builder_version=\u00bb4.27.4&#8243; _module_preset=\u00bbdefault\u00bb body_font=\u00bb|300|||||||\u00bb body_font_size=\u00bb20px\u00bb body_line_height=\u00bb20px\u00bb global_colors_info=\u00bb{}\u00bb]<a href=\"mailto:hola@alexguillenfotografo.com\">hola@alexguillenfotografo.com<\/a>[\/et_pb_blurb][et_pb_text module_class=\u00bbsubt-web\u00bb _builder_version=\u00bb4.27.4&#8243; _module_preset=\u00bbdefault\u00bb header_font_size=\u00bb62px\u00bb header_line_height=\u00bb1.4em\u00bb header_2_font=\u00bb|300|||||||\u00bb header_2_font_size=\u00bb36px\u00bb header_2_line_height=\u00bb1.4em\u00bb header_3_font=\u00bb|300|||||||\u00bb header_3_font_size=\u00bb36px\u00bb header_3_line_height=\u00bb1.3em\u00bb custom_margin=\u00bb||0px||false|false\u00bb custom_padding=\u00bb||0px||false|false\u00bb header_2_text_align_tablet=\u00bbcenter\u00bb header_2_text_align_phone=\u00bbcenter\u00bb header_2_text_align_last_edited=\u00bbon|tablet\u00bb global_colors_info=\u00bb{}\u00bb]<\/p>\n<h2>Redes sociales<\/h2>\n<p>[\/et_pb_text][et_pb_social_media_follow module_class=\u00bbsociales-pcontacto\u00bb _builder_version=\u00bb4.27.4&#8243; _module_preset=\u00bbdefault\u00bb global_colors_info=\u00bb{}\u00bb][et_pb_social_media_follow_network social_network=\u00bbinstagram\u00bb url=\u00bbhttps:\/\/www.instagram.com\/alex.guillen.fotografo\/\u00bb icon_color=\u00bb#000000&#8243; _builder_version=\u00bb4.27.4&#8243; _module_preset=\u00bbdefault\u00bb background_enable_color=\u00bboff\u00bb global_colors_info=\u00bb{}\u00bb follow_button=\u00bboff\u00bb url_new_window=\u00bbon\u00bb]instagram[\/et_pb_social_media_follow_network][et_pb_social_media_follow_network url=\u00bbhttps:\/\/www.bodas.net\/fotografos\/alex-guillen-fotografo&#8211;e151317&#8243; _builder_version=\u00bb4.27.4&#8243; _module_preset=\u00bbdefault\u00bb global_colors_info=\u00bb{}\u00bb follow_button=\u00bboff\u00bb url_new_window=\u00bbon\u00bb][\/et_pb_social_media_follow_network][et_pb_social_media_follow_network social_network=\u00bbgoogle\u00bb url=\u00bbhttps:\/\/www.google.com\/maps\/place\/Alex+Guill%C3%A9n+-+Fot%C3%B3grafo+en+M%C3%A1laga\/@36.4644338,-5.0665241,17z\/data=!3m1!4b1!4m6!3m5!1s0xd0cd5a2b9625c1d:0x9c67b4a1aa52b470!8m2!3d36.4644338!4d-5.0665241!16s%2Fg%2F11j4gz92yy?entry=ttu&#038;g_ep=EgoyMDI1MTAwOC4wIKXMDSoASAFQAw%3D%3D\u00bb _builder_version=\u00bb4.27.4&#8243; _module_preset=\u00bbdefault\u00bb background_enable_color=\u00bboff\u00bb global_colors_info=\u00bb{}\u00bb follow_button=\u00bboff\u00bb url_new_window=\u00bbon\u00bb]google[\/et_pb_social_media_follow_network][et_pb_social_media_follow_network social_network=\u00bbyoutube\u00bb url=\u00bbhttps:\/\/www.youtube.com\/@AlexGuillenFotografo\u00bb _builder_version=\u00bb4.27.4&#8243; _module_preset=\u00bbdefault\u00bb background_color=\u00bb#a82400&#8243; background_enable_color=\u00bboff\u00bb global_colors_info=\u00bb{}\u00bb follow_button=\u00bboff\u00bb url_new_window=\u00bbon\u00bb]youtube[\/et_pb_social_media_follow_network][\/et_pb_social_media_follow][\/et_pb_column][\/et_pb_row][\/et_pb_section]<\/p>\n","protected":false},"excerpt":{"rendered":"<p>ContactoDe la idea a la imagen: resultados profesionalesGracias por llegar hasta aqu\u00ed. Si hab\u00e9is sentido conexi\u00f3n con mi forma de trabajar, estar\u00e9 encantado de escucharos y preparar una propuesta personalizada para vosotros. Donde estoy:Con base en M\u00e1laga, pero disponible para trabajos en toda Espa\u00f1a, Europa y el mundo.\u00bfHablamos?\n<div class=\"wpcf7 no-js\" id=\"wpcf7-f11527-o2\" lang=\"es-ES\" dir=\"ltr\" data-wpcf7-id=\"11527\">\n<div class=\"screen-reader-response\"><p role=\"status\" aria-live=\"polite\" aria-atomic=\"true\"><\/p> <ul><\/ul><\/div>\n<form action=\"\/studio\/wp-json\/wp\/v2\/pages\/10077#wpcf7-f11527-o2\" method=\"post\" class=\"wpcf7-form init\" aria-label=\"Formulario de contacto\" novalidate=\"novalidate\" data-status=\"init\">\n<fieldset class=\"hidden-fields-container\"><input type=\"hidden\" name=\"_wpcf7\" value=\"11527\" \/><input type=\"hidden\" name=\"_wpcf7_version\" value=\"6.1.5\" \/><input type=\"hidden\" name=\"_wpcf7_locale\" value=\"es_ES\" \/><input type=\"hidden\" name=\"_wpcf7_unit_tag\" value=\"wpcf7-f11527-o2\" \/><input type=\"hidden\" name=\"_wpcf7_container_post\" value=\"0\" \/><input type=\"hidden\" name=\"_wpcf7_posted_data_hash\" value=\"\" \/>\n<\/fieldset>\n<div class=\"cf7-custom-css\">\n\t<div class=\"fields\">\n\t\t<div class=\"field-item\">\n\t\t\t<p><span class=\"wpcf7-form-control-wrap\" data-name=\"your-name\"><input size=\"40\" maxlength=\"400\" class=\"wpcf7-form-control wpcf7-text wpcf7-validates-as-required\" aria-required=\"true\" aria-invalid=\"false\" placeholder=\"Nombre\" value=\"\" type=\"text\" name=\"your-name\" \/><\/span>\n\t\t\t<\/p>\n\t\t<\/div>\n\t<\/div>\n\t<div class=\"fields fields-cols\">\n\t\t<div class=\"field-item\">\n\t\t\t<p><span class=\"wpcf7-form-control-wrap\" data-name=\"your-email\"><input size=\"40\" maxlength=\"400\" class=\"wpcf7-form-control wpcf7-email wpcf7-validates-as-required wpcf7-text wpcf7-validates-as-email\" aria-required=\"true\" aria-invalid=\"false\" placeholder=\"Correo Electr\u00f3nico\" value=\"\" type=\"email\" name=\"your-email\" \/><\/span>\n\t\t\t<\/p>\n\t\t<\/div>\n\t\t<div class=\"field-item field-item-last\">\n\t\t\t<p><span class=\"wpcf7-form-control-wrap\" data-name=\"tel-104\"><input size=\"40\" maxlength=\"400\" class=\"wpcf7-form-control wpcf7-tel wpcf7-validates-as-required wpcf7-text wpcf7-validates-as-tel\" aria-required=\"true\" aria-invalid=\"false\" placeholder=\"Tel\u00e9fono\" value=\"\" type=\"tel\" name=\"tel-104\" \/><\/span>\n\t\t\t<\/p>\n\t\t<\/div>\n\t<\/div>\n\t<div class=\"fields\">\n\t\t<div class=\"field-item\">\n\t\t\t<p><span class=\"wpcf7-form-control-wrap\" data-name=\"your-message\"><textarea cols=\"40\" rows=\"10\" maxlength=\"2000\" class=\"wpcf7-form-control wpcf7-textarea\" aria-invalid=\"false\" placeholder=\"\u00bfEn qu\u00e9 puedo ayudarte?\" name=\"your-message\"><\/textarea><\/span>\n\t\t\t<\/p>\n\t\t<\/div>\n\t<\/div>\n\t<div class=\"conditions\">\n\t\t<p><span class=\"wpcf7-form-control-wrap\" data-name=\"acceptance-254\"><span class=\"wpcf7-form-control wpcf7-acceptance\"><span class=\"wpcf7-list-item\"><input type=\"checkbox\" name=\"acceptance-254\" value=\"1\" aria-invalid=\"false\" \/><\/span><\/span><\/span> He <a href=\"https:\/\/devacuabit.es\/aguillen\/politica-privacidad\/\" rel=\"nofollow\" target=\"_blank\">le\u00eddo y acepto<\/a> la pol\u00edtica de privacidad.\n\t\t<\/p>\n\t<\/div>\n\t<div class=\"submit\">\n\t\t<p><input class=\"wpcf7-form-control wpcf7-submit has-spinner et_pb_contact_submit et_pb_button\" type=\"submit\" value=\"Enviar\" \/>\n\t\t<\/p>\n\t<\/div>\n<\/div><div class=\"wpcf7-response-output\" aria-hidden=\"true\"><\/div>\n<\/form>\n<\/div>\n633 36 27 66Enviar [&hellip;]<\/p>\n","protected":false},"author":1,"featured_media":0,"parent":0,"menu_order":0,"comment_status":"closed","ping_status":"closed","template":"","meta":{"_et_pb_use_builder":"on","_et_pb_old_content":"<!-- wp:divi\/placeholder \/-->","_et_gb_content_width":"","footnotes":""},"class_list":["post-10077","page","type-page","status-publish","hentry"],"_links":{"self":[{"href":"https:\/\/alexguillenfotografo.com\/studio\/wp-json\/wp\/v2\/pages\/10077","targetHints":{"allow":["GET"]}}],"collection":[{"href":"https:\/\/alexguillenfotografo.com\/studio\/wp-json\/wp\/v2\/pages"}],"about":[{"href":"https:\/\/alexguillenfotografo.com\/studio\/wp-json\/wp\/v2\/types\/page"}],"author":[{"embeddable":true,"href":"https:\/\/alexguillenfotografo.com\/studio\/wp-json\/wp\/v2\/users\/1"}],"replies":[{"embeddable":true,"href":"https:\/\/alexguillenfotografo.com\/studio\/wp-json\/wp\/v2\/comments?post=10077"}],"version-history":[{"count":12,"href":"https:\/\/alexguillenfotografo.com\/studio\/wp-json\/wp\/v2\/pages\/10077\/revisions"}],"predecessor-version":[{"id":11879,"href":"https:\/\/alexguillenfotografo.com\/studio\/wp-json\/wp\/v2\/pages\/10077\/revisions\/11879"}],"wp:attachment":[{"href":"https:\/\/alexguillenfotografo.com\/studio\/wp-json\/wp\/v2\/media?parent=10077"}],"curies":[{"name":"wp","href":"https:\/\/api.w.org\/{rel}","templated":true}]}}